{"id":139,"date":"2015-04-16T19:03:33","date_gmt":"2015-04-16T16:03:33","guid":{"rendered":"http:\/\/ws-sukuseura.fi\/?page_id=139"},"modified":"2025-04-13T22:05:47","modified_gmt":"2025-04-13T20:05:47","slug":"hallitus","status":"publish","type":"page","link":"https:\/\/ws-sukuseura.fi\/?page_id=139","title":{"rendered":"Hallitus 12.4.2025 &#8211;"},"content":{"rendered":"<p><strong>Puheenjohtaja:<\/strong> Mikko Parviainen, Riistavesi<br \/>\n<strong>Varapuheenjohtaja: <\/strong>Paula Kuikka, Kuopio<\/p>\n<p><strong>J\u00e4senet:<br \/>\n<\/strong>Merja Ilmoniemi, Lahti<br \/>\nAnne Ovaskainen-von Bremen<br \/>\nMarita Parviainen, Riistavesi<br \/>\nEero Smolander, Paakkila<br \/>\nRisto Smolander, Varkaus<br \/>\nJarmo Tiilikainen, Jokela<br \/>\nPentti Voutilainen, Jyv\u00e4skyl\u00e4<\/p>\n<p><a href=\"https:\/\/ws-sukuseura.fi\/wp-content\/uploads\/2025\/04\/Uusi-hallitus-2025-scaled.jpeg\"><img loading=\"lazy\" decoding=\"async\" class=\"alignleft size-large wp-image-796\" src=\"https:\/\/ws-sukuseura.fi\/wp-content\/uploads\/2025\/04\/Uusi-hallitus-2025-1024x768.jpeg\" alt=\"Hallitus 12.3.2025\" width=\"625\" height=\"469\" srcset=\"https:\/\/ws-sukuseura.fi\/wp-content\/uploads\/2025\/04\/Uusi-hallitus-2025-1024x768.jpeg 1024w, https:\/\/ws-sukuseura.fi\/wp-content\/uploads\/2025\/04\/Uusi-hallitus-2025-300x225.jpeg 300w, https:\/\/ws-sukuseura.fi\/wp-content\/uploads\/2025\/04\/Uusi-hallitus-2025-768x576.jpeg 768w, https:\/\/ws-sukuseura.fi\/wp-content\/uploads\/2025\/04\/Uusi-hallitus-2025-1536x1152.jpeg 1536w, https:\/\/ws-sukuseura.fi\/wp-content\/uploads\/2025\/04\/Uusi-hallitus-2025-2048x1536.jpeg 2048w, https:\/\/ws-sukuseura.fi\/wp-content\/uploads\/2025\/04\/Uusi-hallitus-2025-624x468.jpeg 624w\" sizes=\"auto, (max-width: 625px) 100vw, 625px\" \/><\/a><\/p>\n<p>&nbsp;<\/p>\n<p>&nbsp;<\/p>\n<p><strong>Sukuseuramme esimiehin\u00e4 ovat aiemmin toimineet:<br \/>\n<\/strong>1948-1962 maalarimestari Antti Voutilainen<br \/>\n1962-1968 opettaja Mauri Voutilainen<br \/>\n1969-1972 liikkeenharjoittaja Otto Voutilainen<br \/>\n1973-1983 l\u00e4\u00e4ninhallituksen tarkastaja Aarne Smolander<br \/>\n1983-1989 filosofian maisteri Jouko J Voutilainen<br \/>\n1989-1998 maaherra Uki Voutilainen<br \/>\n1998-2013 diplomi-insin\u00f6\u00f6ri Erkki Voutilainen<br \/>\n2013-2023 bioanalyytikko Eija M\u00e4ki<br \/>\n2023-2024 Teuvo Voutilainen<\/p>\n","protected":false},"excerpt":{"rendered":"<p>Puheenjohtaja: Mikko Parviainen, Riistavesi Varapuheenjohtaja: Paula Kuikka, Kuopio J\u00e4senet: Merja Ilmoniemi, Lahti Anne Ovaskainen-von Bremen Marita Parviainen, Riistavesi Eero Smolander, Paakkila Risto Smolander, Varkaus Jarmo Tiilikainen, Jokela Pentti Voutilainen, Jyv\u00e4skyl\u00e4 &nbsp; &nbsp; Sukuseuramme esimiehin\u00e4 ovat aiemmin toimineet: 1948-1962 maalarimestari Antti Voutilainen 1962-1968 opettaja Mauri Voutilainen 1969-1972 liikkeenharjoittaja Otto Voutilainen 1973-1983 l\u00e4\u00e4ninhallituksen tarkastaja Aarne Smolander 1983-1989 [&hellip;]<\/p>\n","protected":false},"author":1,"featured_media":0,"parent":0,"menu_order":0,"comment_status":"closed","ping_status":"open","template":"","meta":{"footnotes":""},"class_list":["post-139","page","type-page","status-publish","hentry"],"_links":{"self":[{"href":"https:\/\/ws-sukuseura.fi\/index.php?rest_route=\/wp\/v2\/pages\/139","targetHints":{"allow":["GET"]}}],"collection":[{"href":"https:\/\/ws-sukuseura.fi\/index.php?rest_route=\/wp\/v2\/pages"}],"about":[{"href":"https:\/\/ws-sukuseura.fi\/index.php?rest_route=\/wp\/v2\/types\/page"}],"author":[{"embeddable":true,"href":"https:\/\/ws-sukuseura.fi\/index.php?rest_route=\/wp\/v2\/users\/1"}],"replies":[{"embeddable":true,"href":"https:\/\/ws-sukuseura.fi\/index.php?rest_route=%2Fwp%2Fv2%2Fcomments&post=139"}],"version-history":[{"count":14,"href":"https:\/\/ws-sukuseura.fi\/index.php?rest_route=\/wp\/v2\/pages\/139\/revisions"}],"predecessor-version":[{"id":798,"href":"https:\/\/ws-sukuseura.fi\/index.php?rest_route=\/wp\/v2\/pages\/139\/revisions\/798"}],"wp:attachment":[{"href":"https:\/\/ws-sukuseura.fi\/index.php?rest_route=%2Fwp%2Fv2%2Fmedia&parent=139"}],"curies":[{"name":"wp","href":"https:\/\/api.w.org\/{rel}","templated":true}]}}