{"id":28,"date":"2015-04-05T12:37:25","date_gmt":"2015-04-05T12:37:25","guid":{"rendered":"http:\/\/ws-sukuseura.fi\/?page_id=28"},"modified":"2025-08-14T16:07:20","modified_gmt":"2025-08-14T14:07:20","slug":"toiminta","status":"publish","type":"page","link":"https:\/\/ws-sukuseura.fi\/?page_id=28","title":{"rendered":"Toiminta"},"content":{"rendered":"<p><span style=\"text-decoration: underline;\"><strong>Sukukokoukset:<\/strong><\/span><\/p>\n<p>1. 1950 <strong>Maaninka<\/strong>, Tavinsalmi (80 henke\u00e4)<br \/>\n2. 1953 <strong>Kuopio<\/strong>, Puijon Maja (57 h.)<br \/>\n3. 1956 <strong>Kuusj\u00e4rvi<\/strong>, Maljasalmi (80 h.)<br \/>\n4. 1960 <strong>Savonlinna<\/strong>, Olavinlinna (74 h.)<br \/>\n5. 1963 <strong>Savonlinna<\/strong>, Hotelli Tott (17 h.)<br \/>\n6. 1966 <strong>Tampere<\/strong>, A. &amp; R. Grundstr\u00f6min luona (34 h.)<br \/>\n7. 1968 <strong>Helsinki<\/strong>, Ravintola Mondi (89 h.)<br \/>\n8. 1970 <strong>Mikkeli<\/strong> (91 h.)<br \/>\n9. 1973 <strong>Tuusniemi<\/strong>, Toivo Smolanderin tila (263 h.)<br \/>\n10. 1976 <strong>Imatra<\/strong>, Mansikkalan koulu (73 h.)<br \/>\n11. 1978 <strong>Siilinj\u00e4rvi<\/strong>, J\u00e4nnevirran Lomakeskus (189 h.)<br \/>\n12. 1981 <strong>Maaninka<\/strong>, Kupinniemi (128 h.)<br \/>\n13. 1984 <strong>Helsinki<\/strong>, Hotelli Seurahuone (92 h.)<br \/>\n14. 1986 <strong>Ilomantsi<\/strong>, kunnantalon auditorio (59 h.)<br \/>\n15. 1988 <strong>Kuopio<\/strong>, kaupunginkirjaston kokoussali (60 h.)<br \/>\n16. 1991 <strong>Outokumpu<\/strong>, Kummun koulun auditorio (114 h.)<br \/>\n17. 1994 <strong>Mikkeli<\/strong>, konsertti- ja kongressitalo Mikaeli (106 h.)<br \/>\n18. 1995 <strong>Kuopio<\/strong>, Hotelli Iso-Valkeinen (85 h.)<br \/>\n19. 1997 <strong>Maaninka<\/strong>, seurakuntatalo (76 h.) \/Tavinsalmen kuninkaankartanon 450-vuotisjuhla<br \/>\n20. 2000 <strong>Polvij\u00e4rvi<\/strong>, Koskipirtti, Rauanlahden vanha koulu (120 h.) J\u00e4rjestettiin Tuomas Voutilaisen j\u00e4lkipolvien kanssa<br \/>\n21. 2002 <strong>Mikkeli<\/strong>, loma- ja toimintakeskus M\u00e4ntyniemi<br \/>\n22. 2005 <strong>Rautalampi<\/strong>, T\u00f6rm\u00e4l\u00e4 kurssi ja lomakeskus (35 h.)<br \/>\n23. 2008 <strong>Savonlinna<\/strong>, Savonlinnan kristillinen opisto<br \/>\n<em>2011 \u00c4ht\u00e4ri, Valkeisen lomakyl\u00e4, peruttiin osanottajien v\u00e4hyyden vuoksi<\/em><br \/>\n24. 2013 <strong>Tuusniemi<\/strong>, koulukeskus (120 h.)<br \/>\n25. 2016 <strong>Koli<\/strong>, Sokos hotelli (65 h.)<br \/>\n26. 2018 <strong>Kuopio<\/strong>, Hotelli Scancic (67 h.)<br \/>\n<em>2021 Maaninka, peruttiin koronapandemian vuoksi<br \/>\n<\/em>27. 2023 <strong>Tuusniemi<\/strong>, Koulukeskus (74 h.)<\/p>\n<p><strong><span style=\"text-decoration: underline;\">Seuraava sukukokous:<\/span><br \/>\n<\/strong>28. 2026 <strong>Laukaa<\/strong>, Kylpyl\u00e4hotelli Peurunka<\/p>\n<p><span style=\"text-decoration: underline;\"><strong>Koti- ja ulkomaanretki\u00e4:<\/strong><\/span><\/p>\n<p>27 &#8211; 30.06.1975 Smoolanti, Ruotsi (39 h.)<br \/>\n13 &#8211; 20.04.1984 Budapest, Unkari (26 h.)<br \/>\n05 &#8211; 09.06.1987 Smoolanti, Ruotsi (38 h.)<br \/>\n15 &#8211; 22.10.1989 Pariisi, Ranska (29 h.)<br \/>\n10 &#8211; 13.06.1993 Pietari, Ven\u00e4j\u00e4 (laivaristeily, 36 h.)<br \/>\n07 &#8211; 09.10.2003 Keski-Viron Kartanokierros, Kartanomatka aatelisten j\u00e4ljill\u00e4<br \/>\nj\u00e4rjestettiin yhdess\u00e4 Matka Seniorien kanssa (3 h.)<br \/>\n10 &#8211; 14.09.2014 Berliini ja Weimar, Saksa (18 h.)<br \/>\n21 &#8211; 26.05.2017 Firenze, Italia (17 h.)<br \/>\n26 &#8211; 27.08.2017 Kulttuurimatka sodan j\u00e4ljille Ilomantsiin, j\u00e4rjestettiin yhdess\u00e4 Parviaisten sukuseuran kanssa (34 h.)<br \/>\n02 &#8211; 09.09.2023 Ruskaretki Vuontispirtille (Enonteki\u00f6), j\u00e4rjestettiin yhdess\u00e4 Parviaisten sukuseuran kanssa (11 h.)<br \/>\n14 &#8211; 16.06.2025 Virkistys- ja risteilymatka Ahvenanmaalle, j\u00e4rjestettiin yhdess\u00e4 Parviaisten sukuseuran kanssa (21 h.)<\/p>\n<p><!--more--><\/p>\n<p><a href=\"https:\/\/ws-sukuseura.fi\/wp-content\/uploads\/2015\/04\/muistomerkki.jpg\"><img loading=\"lazy\" decoding=\"async\" class=\"alignleft size-medium wp-image-89\" src=\"https:\/\/ws-sukuseura.fi\/wp-content\/uploads\/2015\/04\/muistomerkki-300x203.jpg\" alt=\"muistomerkki\" width=\"300\" height=\"203\" srcset=\"https:\/\/ws-sukuseura.fi\/wp-content\/uploads\/2015\/04\/muistomerkki-300x203.jpg 300w, https:\/\/ws-sukuseura.fi\/wp-content\/uploads\/2015\/04\/muistomerkki-1024x694.jpg 1024w, https:\/\/ws-sukuseura.fi\/wp-content\/uploads\/2015\/04\/muistomerkki-624x423.jpg 624w, https:\/\/ws-sukuseura.fi\/wp-content\/uploads\/2015\/04\/muistomerkki.jpg 1167w\" sizes=\"auto, (max-width: 300px) 100vw, 300px\" \/><\/a><a href=\"https:\/\/ws-sukuseura.fi\/wp-content\/uploads\/2015\/04\/muistomerkki2.jpg\"><img loading=\"lazy\" decoding=\"async\" class=\"alignleft size-medium wp-image-90\" src=\"https:\/\/ws-sukuseura.fi\/wp-content\/uploads\/2015\/04\/muistomerkki2-300x184.jpg\" alt=\"muistomerkki2\" width=\"300\" height=\"184\" srcset=\"https:\/\/ws-sukuseura.fi\/wp-content\/uploads\/2015\/04\/muistomerkki2-300x184.jpg 300w, https:\/\/ws-sukuseura.fi\/wp-content\/uploads\/2015\/04\/muistomerkki2-1024x627.jpg 1024w, https:\/\/ws-sukuseura.fi\/wp-content\/uploads\/2015\/04\/muistomerkki2-624x382.jpg 624w, https:\/\/ws-sukuseura.fi\/wp-content\/uploads\/2015\/04\/muistomerkki2.jpg 1219w\" sizes=\"auto, (max-width: 300px) 100vw, 300px\" \/><\/a><\/p>\n<p><strong>Muistopatsas\u00a0 <\/strong>Per J\u00f6nssonin ja esivanhempien muiston kunnioittamiseksi pystytettiin vuonna 1981 Maaningalle Mustan-virran sillan kupeeseen.<\/p>\n<p>Vuonna 1997 muistopatsas siirrettiin Maaningan kunnantalon puistikkoon.<\/p>\n<p><strong>Sukuseuran lippu <\/strong>vihittiin k\u00e4ytt\u00f6\u00f6n sukukokouksessa Mikkeliss\u00e4 vuonna 1994.<\/p>\n<p><strong>Sukuhauta<\/strong> on hankittu yksin\u00e4isi\u00e4 seuramme j\u00e4seni\u00e4 varten Helsingin Hietaniemen uurnahautausmaalta, kortteli no K.7. linjassa 1\/4.<\/p>\n","protected":false},"excerpt":{"rendered":"<p>Sukukokoukset: 1. 1950 Maaninka, Tavinsalmi (80 henke\u00e4) 2. 1953 Kuopio, Puijon Maja (57 h.) 3. 1956 Kuusj\u00e4rvi, Maljasalmi (80 h.) 4. 1960 Savonlinna, Olavinlinna (74 h.) 5. 1963 Savonlinna, Hotelli Tott (17 h.) 6. 1966 Tampere, A. &amp; R. Grundstr\u00f6min luona (34 h.) 7. 1968 Helsinki, Ravintola Mondi (89 h.) 8. 1970 Mikkeli (91 h.) [&hellip;]<\/p>\n","protected":false},"author":1,"featured_media":0,"parent":0,"menu_order":0,"comment_status":"open","ping_status":"open","template":"","meta":{"footnotes":""},"class_list":["post-28","page","type-page","status-publish","hentry"],"_links":{"self":[{"href":"https:\/\/ws-sukuseura.fi\/index.php?rest_route=\/wp\/v2\/pages\/28","targetHints":{"allow":["GET"]}}],"collection":[{"href":"https:\/\/ws-sukuseura.fi\/index.php?rest_route=\/wp\/v2\/pages"}],"about":[{"href":"https:\/\/ws-sukuseura.fi\/index.php?rest_route=\/wp\/v2\/types\/page"}],"author":[{"embeddable":true,"href":"https:\/\/ws-sukuseura.fi\/index.php?rest_route=\/wp\/v2\/users\/1"}],"replies":[{"embeddable":true,"href":"https:\/\/ws-sukuseura.fi\/index.php?rest_route=%2Fwp%2Fv2%2Fcomments&post=28"}],"version-history":[{"count":25,"href":"https:\/\/ws-sukuseura.fi\/index.php?rest_route=\/wp\/v2\/pages\/28\/revisions"}],"predecessor-version":[{"id":836,"href":"https:\/\/ws-sukuseura.fi\/index.php?rest_route=\/wp\/v2\/pages\/28\/revisions\/836"}],"wp:attachment":[{"href":"https:\/\/ws-sukuseura.fi\/index.php?rest_route=%2Fwp%2Fv2%2Fmedia&parent=28"}],"curies":[{"name":"wp","href":"https:\/\/api.w.org\/{rel}","templated":true}]}}