{"id":41,"date":"2015-04-05T12:39:48","date_gmt":"2015-04-05T12:39:48","guid":{"rendered":"http:\/\/ws-sukuseura.fi\/?page_id=41"},"modified":"2016-07-01T08:29:02","modified_gmt":"2016-07-01T05:29:02","slug":"saannot-2","status":"publish","type":"page","link":"https:\/\/ws-sukuseura.fi\/?page_id=41","title":{"rendered":"Yleist\u00e4"},"content":{"rendered":"<p><a href=\"https:\/\/ws-sukuseura.fi\/wp-content\/uploads\/2015\/04\/010-\u2013-Kopio.jpg\"><img loading=\"lazy\" decoding=\"async\" class=\"alignleft wp-image-82 size-medium\" src=\"https:\/\/ws-sukuseura.fi\/wp-content\/uploads\/2015\/04\/010-\u2013-Kopio-229x300.jpg\" alt=\"010 \u2013 Kopio\" width=\"229\" height=\"300\" \/><\/a><\/p>\n<p><strong><br \/>\nVoutilaisten-Smolanderien sukuseura r.y.:n<\/strong> perustava kokous pidettiin 27.3.1948 Helsingiss\u00e4, jolloin syntyi Voutilaisten Sukuseura r.y. Nimi muutettiin vuonna 1971 Voutilaisten-Smolanderien Sukuseura r.y.:ksi.<\/p>\n<p>Seuran tarkoituksena on<br \/>\n&#8211; tutustuttaa suvun j\u00e4senet toisiinsa<br \/>\n&#8211; yll\u00e4pit\u00e4\u00e4 yhteytt\u00e4 Voutilaisten ja Smolanderien suvun eri sukuhaarojen v\u00e4lill\u00e4<br \/>\n&#8211; lujittaa yhteenkuuluvuuden tunnetta<br \/>\n&#8211; vaalia suvun perinteit\u00e4<br \/>\n&#8211; kunnioittaa menneiden sukupolvien muistoa<\/p>\n<p>Sukuseura pyrkii toteuttamaan tarkoitusperi\u00e4\u00e4n<br \/>\n&#8211; tutkimalla sukua ja sen historiaa, hankkimalla ja tallentamalla tietoja, kirjallisia kuvauksia, valokuvia ja muuta kuvallista materiaalia suvusta ja sen j\u00e4senten vaiheista laatimalla sukujulkaisuja, v\u00e4litt\u00e4m\u00e4ll\u00e4 sukua koskevaa aineistoa j\u00e4senilleen ja seuran hallituksen p\u00e4\u00e4t\u00f6sten mukaan muillekin sek\u00e4 ker\u00e4t\u00e4 ja tallettaa mahdollisuuksien mukaan sukua koskevaa muistoesineist\u00f6\u00e4.<\/p>\n<p><a href=\"https:\/\/ws-sukuseura.fi\/wp-content\/uploads\/2015\/04\/001.jpg\"><img loading=\"lazy\" decoding=\"async\" class=\"alignleft size-medium wp-image-85\" src=\"https:\/\/ws-sukuseura.fi\/wp-content\/uploads\/2015\/04\/001-300x213.jpg\" alt=\"001\" width=\"300\" height=\"213\" srcset=\"https:\/\/ws-sukuseura.fi\/wp-content\/uploads\/2015\/04\/001-300x213.jpg 300w, https:\/\/ws-sukuseura.fi\/wp-content\/uploads\/2015\/04\/001-1024x728.jpg 1024w, https:\/\/ws-sukuseura.fi\/wp-content\/uploads\/2015\/04\/001-624x443.jpg 624w\" sizes=\"auto, (max-width: 300px) 100vw, 300px\" \/><\/a><strong><br \/>\nEsi-is\u00e4mme Per J\u00f6nsson <\/strong>oli Ruotsin Smoolannista kotoisin oleva nihti (sotamies). H\u00e4n palveli Olavinlinnassa, kunnes Kustaa Vaasa m\u00e4\u00e4r\u00e4si h\u00e4net kyvykk\u00e4\u00e4n\u00e4 miehen\u00e4 Maaningan Tavinsalmen kuninkaankartanoon kruunvoudiksi vuonna 1556. Aviouduttuaan suomalaisen naisen kanssa alkoi synty\u00e4 Voutilainen-Smolander suku. Voutilainen-nimell\u00e4 siksi, ett\u00e4 osa j\u00e4lkel\u00e4isist\u00e4 alkoi k\u00e4ytt\u00e4\u00e4 Fougdilain, Foudilain ym. nimi\u00e4 Per J\u00f6nssonin ammatin mukaan (vouti-sana kirjoitettiin siihen aikaan ruotsiksi fougde), Smolander-nimell\u00e4 siksi, ett\u00e4 h\u00e4nen syntym\u00e4seutunsa oli Smoolanti. Sm\u00e5landh, Sm\u00e5l\u00e4nder ym. vaiheiden kautta siit\u00e4 muotoutui Smolander.<\/p>\n","protected":false},"excerpt":{"rendered":"<p>Voutilaisten-Smolanderien sukuseura r.y.:n perustava kokous pidettiin 27.3.1948 Helsingiss\u00e4, jolloin syntyi Voutilaisten Sukuseura r.y. Nimi muutettiin vuonna 1971 Voutilaisten-Smolanderien Sukuseura r.y.:ksi. Seuran tarkoituksena on &#8211; tutustuttaa suvun j\u00e4senet toisiinsa &#8211; yll\u00e4pit\u00e4\u00e4 yhteytt\u00e4 Voutilaisten ja Smolanderien suvun eri sukuhaarojen v\u00e4lill\u00e4 &#8211; lujittaa yhteenkuuluvuuden tunnetta &#8211; vaalia suvun perinteit\u00e4 &#8211; kunnioittaa menneiden sukupolvien muistoa Sukuseura pyrkii toteuttamaan tarkoitusperi\u00e4\u00e4n [&hellip;]<\/p>\n","protected":false},"author":1,"featured_media":0,"parent":0,"menu_order":0,"comment_status":"open","ping_status":"open","template":"","meta":{"footnotes":""},"class_list":["post-41","page","type-page","status-publish","hentry"],"_links":{"self":[{"href":"https:\/\/ws-sukuseura.fi\/index.php?rest_route=\/wp\/v2\/pages\/41","targetHints":{"allow":["GET"]}}],"collection":[{"href":"https:\/\/ws-sukuseura.fi\/index.php?rest_route=\/wp\/v2\/pages"}],"about":[{"href":"https:\/\/ws-sukuseura.fi\/index.php?rest_route=\/wp\/v2\/types\/page"}],"author":[{"embeddable":true,"href":"https:\/\/ws-sukuseura.fi\/index.php?rest_route=\/wp\/v2\/users\/1"}],"replies":[{"embeddable":true,"href":"https:\/\/ws-sukuseura.fi\/index.php?rest_route=%2Fwp%2Fv2%2Fcomments&post=41"}],"version-history":[{"count":9,"href":"https:\/\/ws-sukuseura.fi\/index.php?rest_route=\/wp\/v2\/pages\/41\/revisions"}],"predecessor-version":[{"id":104,"href":"https:\/\/ws-sukuseura.fi\/index.php?rest_route=\/wp\/v2\/pages\/41\/revisions\/104"}],"wp:attachment":[{"href":"https:\/\/ws-sukuseura.fi\/index.php?rest_route=%2Fwp%2Fv2%2Fmedia&parent=41"}],"curies":[{"name":"wp","href":"https:\/\/api.w.org\/{rel}","templated":true}]}}