{"id":45,"date":"2015-04-05T12:40:26","date_gmt":"2015-04-05T12:40:26","guid":{"rendered":"http:\/\/ws-sukuseura.fi\/?page_id=45"},"modified":"2022-02-20T22:17:53","modified_gmt":"2022-02-20T19:17:53","slug":"saannot-3","status":"publish","type":"page","link":"https:\/\/ws-sukuseura.fi\/?page_id=45","title":{"rendered":"S\u00e4\u00e4nn\u00f6t"},"content":{"rendered":"<p>VOUTILAISTEN-SMOLANDERIEN SUKUSEURAN S\u00c4\u00c4NN\u00d6T<\/p>\n<p>1. Yhdistyksen nimi ja kotipaikka<br \/>\nYhdistyksen nimi on Voutilaisten-Smolanderien Sukuseura ry ja sen kotipaikka on Kuopion kaupunki<\/p>\n<p>2. Tarkoitus ja toiminnan laatu<br \/>\nYhdistyksen tarkoituksena on tutustuttaa suvun j\u00e4senet toisiinsa, yll\u00e4pit\u00e4\u00e4 yhteytt\u00e4 Voutilaisten ja Smolanderien suvun eri sukuhaarojen v\u00e4lill\u00e4, lujittaa yhteenkuuluvuuden tunnetta ja vaalia suvun perinteit\u00e4 sek\u00e4 kunnioittaa menneitten sukupolvien muistoa.<br \/>\nTarkoituksensa toteuttamiseksi yhdistys tutkii sukua ja sen historiaa, hankkii ja tallentaa tietoja, kirjallisia kuvauksia, valokuvia ja muuta kuvallista materiaalia suvusta ja sen j\u00e4senten vaiheista, laatii sukujulkaisuja, v\u00e4litt\u00e4\u00e4 sukua koskevaa aineistoa j\u00e4senilleen ja hallituksen p\u00e4\u00e4t\u00f6sten mukaan muillekin sek\u00e4 ker\u00e4\u00e4 ja tallettaa mahdollisuuksien mukaan sukua koskevaa muistoesineist\u00f6\u00e4.<br \/>\nToimintansa tukemiseksi yhdistys voi ottaa vastaan lahjoituksia ja testamentteja sek\u00e4 tarkoituksensa toteuttamiseksi omistaa kiinteist\u00f6j\u00e4 ja irtaimistoja, joita hoidetaan lahjoittajan, hallituksen ja vuosikokouksen p\u00e4\u00e4t\u00f6sten ja ohjeitten mukaan.<\/p>\n<p>3. J\u00e4senet<br \/>\nYhdistykseen vuosi- tai ainaisj\u00e4seneksi voidaan hyv\u00e4ksy\u00e4 henkil\u00f6, joka polveutuu Per Joensonista (synt. n. 1530) ja henkil\u00f6, joka hyv\u00e4ksyy yhdistyksen tarkoituksen. Kannattavaksi j\u00e4seneksi voidaan hyv\u00e4ksy\u00e4 yksityinen henkil\u00f6, joka haluaa tukea yhdistyksen tarkoitusta ja toimintaa. Vuosi-, ainais- ja kannattavat j\u00e4senet hyv\u00e4ksyy hakemuksesta yhdistyksen hallitus. Kunniapuheenjohtajaksi tai kunniaj\u00e4seneksi voidaan hallituksen esityksest\u00e4 yhdistyksen kokouksessa kutsua henkil\u00f6, joka on huomattavasti edist\u00e4nyt ja tukenut yhdistyksen toimintaa.<\/p>\n<p>4. J\u00e4senen eroaminen ja erottaminen<br \/>\nJ\u00e4senell\u00e4 on oikeus erota yhdistyksest\u00e4 ilmoittamalla siit\u00e4 kirjallisesti hallitukselle tai sen puheenjohtajalle taikka ilmoittamalla erosta yhdistyksen kokouksessa merkitt\u00e4v\u00e4ksi p\u00f6yt\u00e4kirjaan. Hallitus voi erottaa j\u00e4senen yhdistyksest\u00e4, jos j\u00e4sen on j\u00e4tt\u00e4nyt er\u00e4\u00e4ntyneen j\u00e4senmaksunsa maksamatta tai muuten j\u00e4tt\u00e4nyt t\u00e4ytt\u00e4m\u00e4tt\u00e4 ne velvoitukset, joihin h\u00e4n on yhdistykseen liittym\u00e4ll\u00e4 sitoutunut tai on menettelyll\u00e4\u00e4n yhdistyksess\u00e4 tai sen ulkopuolella huomattavasti vahingoittanut yhdistyst\u00e4 tai ei en\u00e4\u00e4 t\u00e4yt\u00e4 laissa taikka yhdistyksen s\u00e4\u00e4nn\u00f6iss\u00e4 mainittuja j\u00e4senyyden ehtoja.<\/p>\n<p>5. Liittymis- ja j\u00e4senmaksu<br \/>\nVuosi-, ainais- ja kannattavilta j\u00e4senilt\u00e4 peritt\u00e4v\u00e4t liittymismaksun ja j\u00e4senmaksun suuruudesta p\u00e4\u00e4tt\u00e4\u00e4 vuosikokous. Kunniapuheenjohtaja ja kunniaj\u00e4senet eiv\u00e4t suorita j\u00e4senmaksuja.<\/p>\n<p>6. Hallitus<br \/>\nYhdistyksen asioita hoitaa hallitus, johon kuuluu vuosikokouksessa valitut puheenjohtaja ja 6-12 muuta varsinaista j\u00e4sent\u00e4 sek\u00e4 6-12 varaj\u00e4sent\u00e4. Hallituksen toimikausi on vuosikokousten v\u00e4linen aika. Hallitus valitsee keskuudestaan varapuheenjohtajan sek\u00e4 ottaa keskuudestaan tai ulkopuoleltaan sihteerin, rahastonhoitajan ja muut tarvittavat toimihenkil\u00f6t. Hallitus kokoontuu puheenjohtajan tai h\u00e4nen estyneen\u00e4 ollessaan varapuheenjohtajan kutsusta, kun he katsovat siihen olevan aihetta tai kun v\u00e4hint\u00e4\u00e4n puolet hallituksen j\u00e4senist\u00e4 sit\u00e4 vaatii. Hallitus on p\u00e4\u00e4t\u00f6svaltainen, kun v\u00e4hint\u00e4\u00e4n puolet sen j\u00e4senist\u00e4, puheenjohtaja tai varapuheenjohtaja mukaan luettuna on l\u00e4sn\u00e4. \u00c4\u00e4nestykset ratkaistaan ehdottomalla \u00e4\u00e4ntenenemmist\u00f6ll\u00e4. \u00c4\u00e4nten menness\u00e4 tasan ratkaisee puheenjohtajan \u00e4\u00e4ni, vaaleissa kuitenkin arpa.<\/p>\n<p>7. Yhdistyksen nimen kirjoittaminen<br \/>\nYhdistyksen nimen kirjoittaa hallituksen puheenjohtaja, varapuheenjohtaja, sihteeri tai rahastonhoitaja, kaksi yhdess\u00e4.<\/p>\n<p>8. Tilikausi ja tilintarkastus<br \/>\nYhdistyksen tilikausi on kalenterivuosi. Tilinp\u00e4\u00e4t\u00f6s tarvittavine asiakirjoineen ja hallituksen vuosikertomus on annettava toiminnantarkastajille viimeist\u00e4\u00e4n kuukautta ennen vuosikokousta. Toiminnantarkastajien tulee antaa kirjallinen lausuntonsa viimeist\u00e4\u00e4n kaksi viikkoa ennen vuosikokousta hallitukselle.<\/p>\n<p>9. Yhdistyksen kokoukset<br \/>\nYhdistyksen vuosikokous pidet\u00e4\u00e4n vuosittain hallituksen m\u00e4\u00e4r\u00e4\u00e4m\u00e4n\u00e4 p\u00e4iv\u00e4n\u00e4 maalis-huhtikuussa. Ylim\u00e4\u00e4r\u00e4inen kokous pidet\u00e4\u00e4n, kun yhdistyksen kokous niin p\u00e4\u00e4tt\u00e4\u00e4 tai kun hallitus katsoo siihen olevan aihetta tai kun v\u00e4hint\u00e4\u00e4n kymmenesosa (1\/10) yhdistyksen \u00e4\u00e4nioikeutetuista j\u00e4senist\u00e4 sit\u00e4 hallitukselta erityisesti ilmoitettua asiaa varten kirjallisesti vaatii. Kokous on pidett\u00e4v\u00e4 kolmenkymmenen vuorokauden kuluessa siit\u00e4, kun vaatimus sen pit\u00e4misest\u00e4 on esitetty hallitukselle. Yhdistyksen kokouksissa on jokaisella varsinaisella ja ainaisj\u00e4senell\u00e4, kunniapuheenjohtajalla ja kunniaj\u00e4senell\u00e4 yksi \u00e4\u00e4ni. Kannattavalla j\u00e4senell\u00e4 on kokouksessa l\u00e4sn\u00e4olo- ja puheoikeus. Yhdistyksen kokouksen p\u00e4\u00e4t\u00f6kseksi tulee, ellei s\u00e4\u00e4nn\u00f6iss\u00e4 ole toisin m\u00e4\u00e4r\u00e4tty, se mielipide, jota on kannattanut yli puolet annetuista \u00e4\u00e4nist\u00e4. \u00c4\u00e4nten menness\u00e4 tasan ratkaisee kokouksen puheenjohtajan \u00e4\u00e4ni, vaaleissa kuitenkin arpa.<\/p>\n<p>10. Yhdistyksen kokousten koollekutsuminen<br \/>\nHallituksen on kutsuttava yhdistyksen kokoukset koolle v\u00e4hint\u00e4\u00e4n seitsem\u00e4n vuorokautta ennen kokousta j\u00e4senille s\u00e4hk\u00f6isesti tai postitse toimitetuilla kirjallisilla kutsuilla.<\/p>\n<p>11. Vuosikokous<br \/>\nYhdistyksen vuosikokouksessa k\u00e4sitell\u00e4\u00e4n seuraavat asiat:<br \/>\n1. kokouksen avaus<br \/>\n2. valitaan kokouksen puheenjohtaja, sihteeri, kaksi p\u00f6yt\u00e4kirjantarkastajaa ja tarvittaessa kaksi \u00e4\u00e4ntenlaskijaa<br \/>\n3. todetaan kokouksen laillisuus ja p\u00e4\u00e4t\u00f6svaltaisuus<br \/>\n4. hyv\u00e4ksyt\u00e4\u00e4n kokouksen ty\u00f6j\u00e4rjestys<br \/>\n5. esitet\u00e4\u00e4n tilinp\u00e4\u00e4t\u00f6s, vuosikertomus ja toiminnantarkastajien lausunto<br \/>\n6. p\u00e4\u00e4tet\u00e4\u00e4n tilinp\u00e4\u00e4t\u00f6ksen vahvistamisesta ja vastuuvapauden my\u00f6nt\u00e4misest\u00e4 hallitukselle ja muille vastuuvelvollisille<br \/>\n7. vahvistetaan toimintasuunnitelma, tulo- ja menoarvio sek\u00e4 liittymis- ja j\u00e4senmaksujen suuruudet<br \/>\n8. valitaan hallituksen puheenjohtaja, p\u00e4\u00e4tet\u00e4\u00e4n hallituksen koko ja valitaan j\u00e4senet<br \/>\n9. valitaan yksi tai kaksi toiminnantarkastajaa ja varatoiminnantarkastajaa<br \/>\n10. k\u00e4sitell\u00e4\u00e4n muut kokouskutsussa mainitut asiat.<br \/>\nMik\u00e4li yhdistyksen j\u00e4sen haluaa saada jonkin asian yhdistyksen vuosikokouksen k\u00e4sitelt\u00e4v\u00e4ksi, on h\u00e4nen ilmoitettava siit\u00e4 kirjallisesti hallitukselle niin hyviss\u00e4 ajoin, ett\u00e4 asia voidaan sis\u00e4llytt\u00e4\u00e4 kokouskutsuun.<\/p>\n<p>12. Sukukokous<br \/>\nYhdistyksen sukukokous pidet\u00e4\u00e4n kes\u00e4-elokuussa joka kolmas vuosi tai vuosikokouksen p\u00e4\u00e4t\u00f6ksen mukaan useamminkin. Sukukokouksen ajan ja paikan m\u00e4\u00e4r\u00e4\u00e4 vuosikokous. Kutsu sukukokouksen on hallituksen l\u00e4hetett\u00e4v\u00e4 j\u00e4senille kuukautta ennen kokousta kirjallisena.<br \/>\nSukukokouksen asiat:<br \/>\n1. tervehdyssanat paikallisten j\u00e4senten puolesta<br \/>\n2. hallituksen puheenjohtajan tervehdyspuhe ja katsaus edellisen sukukokouksen j\u00e4lkeisiin tapahtumiin<br \/>\n3. hiljainen hetki edellisen sukukokouksen j\u00e4lkeen kuolleitten j\u00e4senten muistolle<br \/>\n4. valitaan tarvittaessa kokoukselle puheenjohtaja, sihteeri ja kaksi p\u00f6yt\u00e4kirjan tarkastajaa<br \/>\n5. k\u00e4sitell\u00e4\u00e4n hallituksen tai vuosikokouksen sukukokoukselle tekem\u00e4t esitykset ja j\u00e4senten mahdollisesti esitt\u00e4m\u00e4t asiat<\/p>\n<p>13. S\u00e4\u00e4nt\u00f6jen muuttaminen ja yhdistyksen purkaminen<br \/>\nP\u00e4\u00e4t\u00f6s s\u00e4\u00e4nt\u00f6jen muuttamisesta ja yhdistyksen purkamisesta on teht\u00e4v\u00e4 yhdistyksen kokouksessa v\u00e4hint\u00e4\u00e4n kolmen nelj\u00e4sosan (3\/4) enemmist\u00f6ll\u00e4 annetuista \u00e4\u00e4nist\u00e4. Kokouskutsussa on mainittava s\u00e4\u00e4nt\u00f6jen muuttamisesta tai yhdistyksen purkamisesta. Yhdistyksen purkautuessa k\u00e4ytet\u00e4\u00e4n yhdistyksen varat yhdistyksen tarkoituksen edist\u00e4miseen purkamisesta p\u00e4\u00e4tt\u00e4v\u00e4n kokouksen m\u00e4\u00e4r\u00e4\u00e4m\u00e4ll\u00e4 tavalla. Yhdistyksen tullessa lakkautetuksi luovutetaan sen j\u00e4ljell\u00e4 olevat varat ja sen arkistot Suomen Sukututkimusseuralle k\u00e4ytett\u00e4v\u00e4ksi yhdistyksen tarkoitusperien mukaisesti.<\/p>\n","protected":false},"excerpt":{"rendered":"<p>VOUTILAISTEN-SMOLANDERIEN SUKUSEURAN S\u00c4\u00c4NN\u00d6T 1. Yhdistyksen nimi ja kotipaikka Yhdistyksen nimi on Voutilaisten-Smolanderien Sukuseura ry ja sen kotipaikka on Kuopion kaupunki 2. Tarkoitus ja toiminnan laatu Yhdistyksen tarkoituksena on tutustuttaa suvun j\u00e4senet toisiinsa, yll\u00e4pit\u00e4\u00e4 yhteytt\u00e4 Voutilaisten ja Smolanderien suvun eri sukuhaarojen v\u00e4lill\u00e4, lujittaa yhteenkuuluvuuden tunnetta ja vaalia suvun perinteit\u00e4 sek\u00e4 kunnioittaa menneitten sukupolvien muistoa. Tarkoituksensa toteuttamiseksi [&hellip;]<\/p>\n","protected":false},"author":1,"featured_media":0,"parent":0,"menu_order":0,"comment_status":"open","ping_status":"open","template":"","meta":{"footnotes":""},"class_list":["post-45","page","type-page","status-publish","hentry"],"_links":{"self":[{"href":"https:\/\/ws-sukuseura.fi\/index.php?rest_route=\/wp\/v2\/pages\/45","targetHints":{"allow":["GET"]}}],"collection":[{"href":"https:\/\/ws-sukuseura.fi\/index.php?rest_route=\/wp\/v2\/pages"}],"about":[{"href":"https:\/\/ws-sukuseura.fi\/index.php?rest_route=\/wp\/v2\/types\/page"}],"author":[{"embeddable":true,"href":"https:\/\/ws-sukuseura.fi\/index.php?rest_route=\/wp\/v2\/users\/1"}],"replies":[{"embeddable":true,"href":"https:\/\/ws-sukuseura.fi\/index.php?rest_route=%2Fwp%2Fv2%2Fcomments&post=45"}],"version-history":[{"count":3,"href":"https:\/\/ws-sukuseura.fi\/index.php?rest_route=\/wp\/v2\/pages\/45\/revisions"}],"predecessor-version":[{"id":566,"href":"https:\/\/ws-sukuseura.fi\/index.php?rest_route=\/wp\/v2\/pages\/45\/revisions\/566"}],"wp:attachment":[{"href":"https:\/\/ws-sukuseura.fi\/index.php?rest_route=%2Fwp%2Fv2%2Fmedia&parent=45"}],"curies":[{"name":"wp","href":"https:\/\/api.w.org\/{rel}","templated":true}]}}