{"id":48,"date":"2015-04-05T12:43:08","date_gmt":"2015-04-05T12:43:08","guid":{"rendered":"http:\/\/ws-sukuseura.fi\/?page_id=48"},"modified":"2025-08-14T16:12:21","modified_gmt":"2025-08-14T14:12:21","slug":"jasenyys-2","status":"publish","type":"page","link":"https:\/\/ws-sukuseura.fi\/?page_id=48","title":{"rendered":"J\u00e4senyys"},"content":{"rendered":"<p>Yhdistyksen vuosi- tai ainaisj\u00e4seneksi voidaan hyv\u00e4ksy\u00e4 henkil\u00f6, joka polveutuu Per Joenssonista ja henkil\u00f6, joka hyv\u00e4ksyy yhdistyksen tarkoituksen. J\u00e4senet hyv\u00e4ksyy hakemuksesta yhdistyksen hallitus.<\/p>\n<p>Yhdistyksen j\u00e4senet ovat<br \/>\n&#8211; kannattavaj\u00e4seni\u00e4, joiden j\u00e4senmaksu on 100,00\u20ac \/ vuosi<br \/>\n&#8211; ainaisj\u00e4seni\u00e4, joiden kertakaikkinen j\u00e4senmaksu on 500,00\u20ac<br \/>\n&#8211; vuosij\u00e4seni\u00e4, jotka maksavat 25,00\u20ac \/ vuosi<\/p>\n<p>J\u00e4senhakemukset l\u00e4hetet\u00e4\u00e4n sihteerille postitse, koska siin\u00e4 vahvistetaan allekirjoituksella tieto siit\u00e4, voidaanko tietoja k\u00e4ytt\u00e4\u00e4 sukujulkaisuissa vai onko ne tarkoitettu ainoastaan sukuarkistoon. J\u00e4seneksi liittymislomakkeita saa sihteerilt\u00e4 sek\u00e4 alla olevasta linkist\u00e4 pdf-muodossa.<\/p>\n<p><a href=\"https:\/\/ws-sukuseura.fi\/wp-content\/uploads\/2015\/04\/jasenlomake.pdf\">jasenhakemus<\/a><\/p>\n<p><strong>Ilmoitatahan tietojesi muutoksista!<\/strong><\/p>\n<p>Asioiden hoitamisen helpottamiseksi ja nopeuttamiseksi sek\u00e4 j\u00e4senpostin oikeaan osoiteeseen toimittamiseksi toivomme, ett\u00e4 ilmoitat meille muuttuneet nimi ja osoitetietosi sek\u00e4 mahdollisen s\u00e4hk\u00f6postiosoitteesi ja puhelinnumerosi mahdollisimman pian. Emme saa muuttuneita tietoja V\u00e4est\u00f6rekisterikeskuksesta automaattisesti.<\/p>\n<p><strong>J\u00e4sentietojen muutokset<\/strong> ja muut j\u00e4sentietoihin liittyv\u00e4t asiat l\u00e4hetet\u00e4\u00e4n sihteerille joko s-postilla: <em>info(at)ws-sukuseura.fi<\/em><br \/>\ntai postitse osoitteella:<\/p>\n<p>Voutilaisten-Smolanderien Sukuseura ry<br \/>\nMarita\u00a0Parviainen<br \/>\nPeltokuja 7<br \/>\n71160 Riistavesi<\/p>\n<p><strong>Sukutietojen p\u00e4ivitykset ja lis\u00e4ykset<\/strong> l\u00e4hetet\u00e4\u00e4n sukutietojen tallennukseen postin v\u00e4lityksell\u00e4 tai skannattuna s-postilla (samasta syyst\u00e4 kuin j\u00e4senhakemukset).<\/p>\n<p><strong>J\u00e4sentietojen p\u00e4ivitt\u00e4minen<\/strong> k\u00e4y helposti t\u00e4ytt\u00e4m\u00e4ll\u00e4 j\u00e4sentietolomake (pdf-muodossa) alla olevan linkin kautta.<\/p>\n<p><a href=\"https:\/\/ws-sukuseura.fi\/wp-content\/uploads\/2015\/04\/jasentietolomake.pdf\">jasentietolomake<\/a><\/p>\n<p>Voutilaisten-Smolanderien sukuseura r.y. k\u00e4ytt\u00e4\u00e4 sukuseuratoiminnassaan kahta rekisteri\u00e4. Alla olevista linkeist\u00e4 saat ne pdf-muodossa.<\/p>\n<p><a href=\"https:\/\/ws-sukuseura.fi\/wp-content\/uploads\/2025\/08\/Tietosuojaseloste-sukurekisteri.pdf\">Tietosuojaseloste sukurekisteri<\/a><\/p>\n<p><a href=\"https:\/\/ws-sukuseura.fi\/wp-content\/uploads\/2015\/04\/Tietosuojaseloste-jasenrekisteri.docx\">Tietosuojaseloste j\u00e4senrekisteri<\/a><\/p>\n<p>&nbsp;<\/p>\n<p>&nbsp;<\/p>\n<p>&nbsp;<\/p>\n","protected":false},"excerpt":{"rendered":"<p>Yhdistyksen vuosi- tai ainaisj\u00e4seneksi voidaan hyv\u00e4ksy\u00e4 henkil\u00f6, joka polveutuu Per Joenssonista ja henkil\u00f6, joka hyv\u00e4ksyy yhdistyksen tarkoituksen. J\u00e4senet hyv\u00e4ksyy hakemuksesta yhdistyksen hallitus. Yhdistyksen j\u00e4senet ovat &#8211; kannattavaj\u00e4seni\u00e4, joiden j\u00e4senmaksu on 100,00\u20ac \/ vuosi &#8211; ainaisj\u00e4seni\u00e4, joiden kertakaikkinen j\u00e4senmaksu on 500,00\u20ac &#8211; vuosij\u00e4seni\u00e4, jotka maksavat 25,00\u20ac \/ vuosi J\u00e4senhakemukset l\u00e4hetet\u00e4\u00e4n sihteerille postitse, koska siin\u00e4 vahvistetaan allekirjoituksella [&hellip;]<\/p>\n","protected":false},"author":1,"featured_media":0,"parent":0,"menu_order":0,"comment_status":"open","ping_status":"open","template":"","meta":{"footnotes":""},"class_list":["post-48","page","type-page","status-publish","hentry"],"_links":{"self":[{"href":"https:\/\/ws-sukuseura.fi\/index.php?rest_route=\/wp\/v2\/pages\/48","targetHints":{"allow":["GET"]}}],"collection":[{"href":"https:\/\/ws-sukuseura.fi\/index.php?rest_route=\/wp\/v2\/pages"}],"about":[{"href":"https:\/\/ws-sukuseura.fi\/index.php?rest_route=\/wp\/v2\/types\/page"}],"author":[{"embeddable":true,"href":"https:\/\/ws-sukuseura.fi\/index.php?rest_route=\/wp\/v2\/users\/1"}],"replies":[{"embeddable":true,"href":"https:\/\/ws-sukuseura.fi\/index.php?rest_route=%2Fwp%2Fv2%2Fcomments&post=48"}],"version-history":[{"count":29,"href":"https:\/\/ws-sukuseura.fi\/index.php?rest_route=\/wp\/v2\/pages\/48\/revisions"}],"predecessor-version":[{"id":838,"href":"https:\/\/ws-sukuseura.fi\/index.php?rest_route=\/wp\/v2\/pages\/48\/revisions\/838"}],"wp:attachment":[{"href":"https:\/\/ws-sukuseura.fi\/index.php?rest_route=%2Fwp%2Fv2%2Fmedia&parent=48"}],"curies":[{"name":"wp","href":"https:\/\/api.w.org\/{rel}","templated":true}]}}